{"id":3329257,"date":"2025-01-07T12:50:57","date_gmt":"2025-01-07T11:50:57","guid":{"rendered":"https:\/\/alltforsjon.se\/for-exhibitors\/webinar\/"},"modified":"2026-01-05T08:47:16","modified_gmt":"2026-01-05T07:47:16","slug":"webinar","status":"publish","type":"page","link":"https:\/\/alltforsjon.se\/en\/for-exhibitors\/webinar\/","title":{"rendered":"Webinar"},"content":{"rendered":"<p>[et_pb_section fb_built=&#8221;1&#8243; _builder_version=&#8221;4.27.4&#8243; _module_preset=&#8221;dcffbe7c-d829-4b92-9e28-730b66b1c6df&#8221; background_enable_color=&#8221;off&#8221; use_background_color_gradient=&#8221;on&#8221; background_color_gradient_stops=&#8221;rgba(0,0,0,0) 30%|rgba(0,0,0,0.9) 100%&#8221; background_color_gradient_overlays_image=&#8221;on&#8221; background_image=&#8221;https:\/\/alltforsjon.se\/wp-content\/uploads\/2024\/11\/AFS2023_Huvudbild_Hemsidan-1920&#215;1280-nynyny.jpg&#8221; background_enable_video_mp4=&#8221;off&#8221; global_colors_info=&#8221;{}&#8221; custom_days_label_text=&#8221;Dagar&#8221; custom_hours_label_text=&#8221;Timmar&#8221; custom_minutes_label_text=&#8221;Minuter&#8221; custom_seconds_label_text=&#8221;Sekunder&#8221;][et_pb_row _builder_version=&#8221;4.27.4&#8243; _module_preset=&#8221;2f3bde6e-4bef-434a-8a25-0f050bf780e4&#8243; locked=&#8221;off&#8221; global_colors_info=&#8221;{}&#8221; custom_days_label_text=&#8221;Dagar&#8221; custom_hours_label_text=&#8221;Timmar&#8221; custom_minutes_label_text=&#8221;Minuter&#8221; custom_seconds_label_text=&#8221;Sekunder&#8221;][et_pb_column type=&#8221;4_4&#8243; _builder_version=&#8221;4.24.0&#8243; _module_preset=&#8221;default&#8221; global_colors_info=&#8221;{}&#8221; custom_days_label_text=&#8221;Dagar&#8221; custom_hours_label_text=&#8221;Timmar&#8221; custom_minutes_label_text=&#8221;Minuter&#8221; custom_seconds_label_text=&#8221;Sekunder&#8221;][et_pb_cta title=&#8221;Webinar&#8221; button_url=&#8221;https:\/\/ticket.stockholmsmassan.se\/visit_vis-cgi\/visit_vis\/eshop2\/custom\/page_render_it.cgi?fair=alltforsjon122025&amp;sub_fair=publik&amp;lang=11&amp;ticket=g_u_e_s_t&amp;oid=1763&amp;_gl=1*wknmbk*_gcl_au*Mzg0MTQ4NzM3LjE3MzQ1MjY3NDA.*_ga*MTcwNDA2OTkxNS4xNzM0NTI2NzQw*_ga_9H43HTY2N8*MTczNDYxNDc0Mi43LjEuMTczNDYxNTUwMS42MC4wLjA.&#8221; url_new_window=&#8221;on&#8221; _builder_version=&#8221;4.27.4&#8243; _module_preset=&#8221;0d7ddc9b-5fad-41ce-bbc3-1fa8c8b01c36&#8243; global_colors_info=&#8221;{%22gcid-m0fraqv3-qztm-9290-df11-7p07yu2mtcg6%22:%91%22header_text_color%22,%22button_bg_color%22,%22button_border_color%22,%22button_text_color%22,%22header_text_color%22,%22button_bg_color%22,%22button_border_color%22,%22button_text_color%22,%22header_text_color%22,%22button_bg_color%22,%22button_border_color%22,%22button_text_color%22,%22header_text_color%22,%22button_bg_color%22,%22button_border_color%22,%22button_text_color%22,%22header_text_color%22,%22button_bg_color%22,%22button_text_color%22,%22header_text_color%22,%22button_bg_color%22,%22button_text_color%22,%22header_text_color%22,%22button_bg_color%22,%22button_text_color%22,%22header_text_color%22,%22button_bg_color%22,%22button_text_color%22,%22header_text_color%22,%22button_bg_color%22,%22button_text_color%22,%22header_text_color%22,%22button_bg_color%22,%22button_text_color%22,%22button_bg_color%22,%22button_text_color%22%93,%22gcid-8ctl9olw-qzl0-39sh-h9m4-2r68cuzkve1q%22:%91%22button_bg_color%22,%22button_border_color%22,%22button_bg_color%22,%22button_border_color%22,%22button_bg_color%22,%22button_border_color%22,%22button_bg_color%22,%22button_border_color%22%93,%22gcid-zqmeyyr1-ozjs-tdol-t9th-kdmdqxufunhr%22:%91%22button_border_color%22,%22button_bg_color%22,%22button_border_color%22,%22button_bg_color%22,%22button_border_color%22,%22button_bg_color%22,%22button_border_color%22,%22button_bg_color%22,%22button_bg_color%22%93,%22gcid-xe7ua1bg-8o1q-uq3m-f8ql-qk12tgltkuk4%22:%91%22button_border_color__hover%22,%22button_bg_color__hover%22%93}&#8221; custom_days_label_text=&#8221;Dagar&#8221; custom_hours_label_text=&#8221;Timmar&#8221; custom_minutes_label_text=&#8221;Minuter&#8221; custom_seconds_label_text=&#8221;Sekunder&#8221;]<\/p>\n<p>Here you will find webinars with information about Allt f\u00f6r sj\u00f6n before, during and after the event.<\/p>\n<p>[\/et_pb_cta][et_pb_code disabled_on=&#8221;on|on|on&#8221; _builder_version=&#8221;4.27.4&#8243; _module_preset=&#8221;default&#8221; positioning=&#8221;absolute&#8221; position_origin_a=&#8221;bottom_right&#8221; vertical_offset=&#8221;-25px&#8221; disabled=&#8221;on&#8221; global_colors_info=&#8221;{}&#8221; custom_days_label_text=&#8221;Dagar&#8221; custom_hours_label_text=&#8221;Timmar&#8221; custom_minutes_label_text=&#8221;Minuter&#8221; custom_seconds_label_text=&#8221;Sekunder&#8221;]  <script><!-- [et_pb_line_break_holder] -->  jQuery(function($){<!-- [et_pb_line_break_holder] -->  let video = document.querySelector('video');<!-- [et_pb_line_break_holder] -->  document.getElementById('playbtn').addEventListener('click', button_action);<!-- [et_pb_line_break_holder] -->  function button_action() {<!-- [et_pb_line_break_holder] -->  if (video.paused) {<!-- [et_pb_line_break_holder] -->  video.play();<!-- [et_pb_line_break_holder] -->  playbtn.innerHTML = \"<span class=\"pausbutton\">PAUSA<\/span>\";<!-- [et_pb_line_break_holder] -->  } else {<!-- [et_pb_line_break_holder] -->  video.pause();<!-- [et_pb_line_break_holder] -->  playbtn.innerHTML = \"<span class=\"playbutton\">SPELA<\/span>\"<!-- [et_pb_line_break_holder] -->  }<!-- [et_pb_line_break_holder] -->  };<!-- [et_pb_line_break_holder] -->  });<!-- [et_pb_line_break_holder] -->  <\/script><!-- [et_pb_line_break_holder] --><button class=\"playbutton-video\" id=\"playbtn\"><span class=\"pausbutton\">PAUSE<\/span><\/button>[\/et_pb_code][\/et_pb_column][\/et_pb_row][\/et_pb_section][et_pb_section fb_built=&#8221;1&#8243; admin_label=&#8221;Text 50\/50&#8243; _builder_version=&#8221;4.27.4&#8243; _module_preset=&#8221;34b06a86-dc81-4983-919e-0fd7f286eb1b&#8221; background_color=&#8221;RGBA(255,255,255,0)&#8221; global_colors_info=&#8221;{}&#8221; custom_days_label_text=&#8221;Dagar&#8221; custom_hours_label_text=&#8221;Timmar&#8221; custom_minutes_label_text=&#8221;Minuter&#8221; custom_seconds_label_text=&#8221;Sekunder&#8221;][et_pb_row column_structure=&#8221;1_2,1_2&#8243; custom_padding_last_edited=&#8221;on|phone&#8221; _builder_version=&#8221;4.24.2&#8243; _module_preset=&#8221;default&#8221; custom_margin=&#8221;||||false|false&#8221; custom_padding_tablet=&#8221;20px||||false|false&#8221; custom_padding_phone=&#8221;20px||||false|false&#8221; locked=&#8221;off&#8221; global_colors_info=&#8221;{}&#8221; custom_days_label_text=&#8221;Dagar&#8221; custom_hours_label_text=&#8221;Timmar&#8221; custom_minutes_label_text=&#8221;Minuter&#8221; custom_seconds_label_text=&#8221;Sekunder&#8221;][et_pb_column type=&#8221;1_2&#8243; _builder_version=&#8221;4.23.4&#8243; _module_preset=&#8221;default&#8221; global_colors_info=&#8221;{}&#8221; custom_days_label_text=&#8221;Dagar&#8221; custom_hours_label_text=&#8221;Timmar&#8221; custom_minutes_label_text=&#8221;Minuter&#8221; custom_seconds_label_text=&#8221;Sekunder&#8221;][et_pb_text _builder_version=&#8221;4.27.4&#8243; _module_preset=&#8221;91303309-ab2a-47f7-86a2-bf644d336a61&#8243; global_colors_info=&#8221;{}&#8221; custom_days_label_text=&#8221;Dagar&#8221; custom_hours_label_text=&#8221;Timmar&#8221; custom_minutes_label_text=&#8221;Minuter&#8221; custom_seconds_label_text=&#8221;Sekunder&#8221;]<\/p>\n<h2>Allt f\u00f6r sj\u00f6n 2026 webinar<\/h2>\n<p>[\/et_pb_text][et_pb_divider _builder_version=&#8221;4.24.2&#8243; _module_preset=&#8221;default&#8221; global_colors_info=&#8221;{}&#8221; custom_days_label_text=&#8221;Dagar&#8221; custom_hours_label_text=&#8221;Timmar&#8221; custom_minutes_label_text=&#8221;Minuter&#8221; custom_seconds_label_text=&#8221;Sekunder&#8221;][\/et_pb_divider][et_pb_text _builder_version=&#8221;4.27.4&#8243; _module_preset=&#8221;default&#8221; global_colors_info=&#8221;{}&#8221; custom_days_label_text=&#8221;Dagar&#8221; custom_hours_label_text=&#8221;Timmar&#8221; custom_minutes_label_text=&#8221;Minuter&#8221; custom_seconds_label_text=&#8221;Sekunder&#8221;][\/et_pb_text][\/et_pb_column][et_pb_column type=&#8221;1_2&#8243; _builder_version=&#8221;4.27.4&#8243; _module_preset=&#8221;default&#8221; global_colors_info=&#8221;{}&#8221; custom_days_label_text=&#8221;Dagar&#8221; custom_hours_label_text=&#8221;Timmar&#8221; custom_minutes_label_text=&#8221;Minuter&#8221; custom_seconds_label_text=&#8221;Sekunder&#8221;][\/et_pb_column][\/et_pb_row][et_pb_row column_structure=&#8221;1_2,1_2&#8243; _builder_version=&#8221;4.27.5&#8243; _module_preset=&#8221;default&#8221; global_colors_info=&#8221;{}&#8221; custom_days_label_text=&#8221;Dagar&#8221; custom_hours_label_text=&#8221;Timmar&#8221; custom_minutes_label_text=&#8221;Minuter&#8221; custom_seconds_label_text=&#8221;Sekunder&#8221;][et_pb_column type=&#8221;1_2&#8243; _builder_version=&#8221;4.27.5&#8243; _module_preset=&#8221;default&#8221; global_colors_info=&#8221;{}&#8221; custom_days_label_text=&#8221;Dagar&#8221; custom_hours_label_text=&#8221;Timmar&#8221; custom_minutes_label_text=&#8221;Minuter&#8221; custom_seconds_label_text=&#8221;Sekunder&#8221;][et_pb_video src=&#8221;https:\/\/youtu.be\/vgZhtVYIWRE&#8221; _builder_version=&#8221;4.27.5&#8243; _module_preset=&#8221;default&#8221; global_colors_info=&#8221;{}&#8221; custom_days_label_text=&#8221;Dagar&#8221; custom_hours_label_text=&#8221;Timmar&#8221; custom_minutes_label_text=&#8221;Minuter&#8221; custom_seconds_label_text=&#8221;Sekunder&#8221;][\/et_pb_video][\/et_pb_column][et_pb_column type=&#8221;1_2&#8243; _builder_version=&#8221;4.27.5&#8243; _module_preset=&#8221;default&#8221; global_colors_info=&#8221;{}&#8221; custom_days_label_text=&#8221;Dagar&#8221; custom_hours_label_text=&#8221;Timmar&#8221; custom_minutes_label_text=&#8221;Minuter&#8221; custom_seconds_label_text=&#8221;Sekunder&#8221;][\/et_pb_column][\/et_pb_row][\/et_pb_section][et_pb_section fb_built=&#8221;1&#8243; admin_label=&#8221;Text 50\/50&#8243; _builder_version=&#8221;4.27.4&#8243; _module_preset=&#8221;34b06a86-dc81-4983-919e-0fd7f286eb1b&#8221; background_color=&#8221;RGBA(255,255,255,0)&#8221; global_colors_info=&#8221;{}&#8221; custom_days_label_text=&#8221;Dagar&#8221; custom_hours_label_text=&#8221;Timmar&#8221; custom_minutes_label_text=&#8221;Minuter&#8221; custom_seconds_label_text=&#8221;Sekunder&#8221;][et_pb_row custom_padding_last_edited=&#8221;on|phone&#8221; _builder_version=&#8221;4.24.2&#8243; _module_preset=&#8221;default&#8221; custom_margin=&#8221;||||false|false&#8221; custom_padding_tablet=&#8221;20px||||false|false&#8221; custom_padding_phone=&#8221;20px||||false|false&#8221; locked=&#8221;off&#8221; global_colors_info=&#8221;{}&#8221; custom_days_label_text=&#8221;Dagar&#8221; custom_hours_label_text=&#8221;Timmar&#8221; custom_minutes_label_text=&#8221;Minuter&#8221; custom_seconds_label_text=&#8221;Sekunder&#8221;][et_pb_column type=&#8221;4_4&#8243; _builder_version=&#8221;4.23.4&#8243; _module_preset=&#8221;default&#8221; global_colors_info=&#8221;{}&#8221; custom_days_label_text=&#8221;Dagar&#8221; custom_hours_label_text=&#8221;Timmar&#8221; custom_minutes_label_text=&#8221;Minuter&#8221; custom_seconds_label_text=&#8221;Sekunder&#8221;][et_pb_text _builder_version=&#8221;4.27.4&#8243; _module_preset=&#8221;91303309-ab2a-47f7-86a2-bf644d336a61&#8243; global_colors_info=&#8221;{}&#8221; custom_days_label_text=&#8221;Dagar&#8221; custom_hours_label_text=&#8221;Timmar&#8221; custom_minutes_label_text=&#8221;Minuter&#8221; custom_seconds_label_text=&#8221;Sekunder&#8221;]<\/p>\n<h2>Allt f\u00f6r sj\u00f6n 2025 webinar<\/h2>\n<p>[\/et_pb_text][et_pb_divider _builder_version=&#8221;4.24.2&#8243; _module_preset=&#8221;default&#8221; global_colors_info=&#8221;{}&#8221; custom_days_label_text=&#8221;Dagar&#8221; custom_hours_label_text=&#8221;Timmar&#8221; custom_minutes_label_text=&#8221;Minuter&#8221; custom_seconds_label_text=&#8221;Sekunder&#8221;][\/et_pb_divider][\/et_pb_column][\/et_pb_row][et_pb_row column_structure=&#8221;1_2,1_2&#8243; _builder_version=&#8221;4.27.4&#8243; _module_preset=&#8221;default&#8221; global_colors_info=&#8221;{}&#8221; custom_days_label_text=&#8221;Dagar&#8221; custom_hours_label_text=&#8221;Timmar&#8221; custom_minutes_label_text=&#8221;Minuter&#8221; custom_seconds_label_text=&#8221;Sekunder&#8221;][et_pb_column type=&#8221;1_2&#8243; _builder_version=&#8221;4.27.4&#8243; _module_preset=&#8221;default&#8221; global_colors_info=&#8221;{}&#8221; custom_days_label_text=&#8221;Dagar&#8221; custom_hours_label_text=&#8221;Timmar&#8221; custom_minutes_label_text=&#8221;Minuter&#8221; custom_seconds_label_text=&#8221;Sekunder&#8221;][et_pb_video src=&#8221;https:\/\/www.youtube.com\/watch?v=uHxJ1YJrAv4&#8243; _builder_version=&#8221;4.27.4&#8243; _module_preset=&#8221;default&#8221; global_colors_info=&#8221;{}&#8221; custom_days_label_text=&#8221;Dagar&#8221; custom_hours_label_text=&#8221;Timmar&#8221; custom_minutes_label_text=&#8221;Minuter&#8221; custom_seconds_label_text=&#8221;Sekunder&#8221;][\/et_pb_video][\/et_pb_column][et_pb_column type=&#8221;1_2&#8243; _builder_version=&#8221;4.27.4&#8243; _module_preset=&#8221;default&#8221; global_colors_info=&#8221;{}&#8221; custom_days_label_text=&#8221;Dagar&#8221; custom_hours_label_text=&#8221;Timmar&#8221; custom_minutes_label_text=&#8221;Minuter&#8221; custom_seconds_label_text=&#8221;Sekunder&#8221;][et_pb_video src=&#8221;https:\/\/www.youtube.com\/watch?v=SiYoUzZNZew&#8221; _builder_version=&#8221;4.27.4&#8243; _module_preset=&#8221;default&#8221; global_colors_info=&#8221;{}&#8221; custom_days_label_text=&#8221;Dagar&#8221; custom_hours_label_text=&#8221;Timmar&#8221; custom_minutes_label_text=&#8221;Minuter&#8221; custom_seconds_label_text=&#8221;Sekunder&#8221;][\/et_pb_video][\/et_pb_column][\/et_pb_row][\/et_pb_section]<\/p>\n","protected":false},"excerpt":{"rendered":"<p>Here you will find webinars with information about Allt f\u00f6r sj\u00f6n before, during and after the event.Allt f\u00f6r sj\u00f6n 2026 webinarAllt f\u00f6r sj\u00f6n 2025 webinar<\/p>\n","protected":false},"author":26,"featured_media":0,"parent":3322510,"menu_order":0,"comment_status":"closed","ping_status":"closed","template":"","meta":{"_et_pb_use_builder":"on","_et_pb_old_content":"","_et_gb_content_width":"","footnotes":""},"hf_cat_page":[],"class_list":["post-3329257","page","type-page","status-publish","hentry"],"_links":{"self":[{"href":"https:\/\/alltforsjon.se\/en\/wp-json\/wp\/v2\/pages\/3329257","targetHints":{"allow":["GET"]}}],"collection":[{"href":"https:\/\/alltforsjon.se\/en\/wp-json\/wp\/v2\/pages"}],"about":[{"href":"https:\/\/alltforsjon.se\/en\/wp-json\/wp\/v2\/types\/page"}],"author":[{"embeddable":true,"href":"https:\/\/alltforsjon.se\/en\/wp-json\/wp\/v2\/users\/26"}],"replies":[{"embeddable":true,"href":"https:\/\/alltforsjon.se\/en\/wp-json\/wp\/v2\/comments?post=3329257"}],"version-history":[{"count":7,"href":"https:\/\/alltforsjon.se\/en\/wp-json\/wp\/v2\/pages\/3329257\/revisions"}],"predecessor-version":[{"id":3401572,"href":"https:\/\/alltforsjon.se\/en\/wp-json\/wp\/v2\/pages\/3329257\/revisions\/3401572"}],"up":[{"embeddable":true,"href":"https:\/\/alltforsjon.se\/en\/wp-json\/wp\/v2\/pages\/3322510"}],"wp:attachment":[{"href":"https:\/\/alltforsjon.se\/en\/wp-json\/wp\/v2\/media?parent=3329257"}],"wp:term":[{"taxonomy":"hf_cat_page","embeddable":true,"href":"https:\/\/alltforsjon.se\/en\/wp-json\/wp\/v2\/hf_cat_page?post=3329257"}],"curies":[{"name":"wp","href":"https:\/\/api.w.org\/{rel}","templated":true}]}}