{"id":3315986,"date":"2024-03-26T10:17:54","date_gmt":"2024-03-26T09:17:54","guid":{"rendered":"https:\/\/dev.formex.se\/about-us\/sustainability-at-formex\/"},"modified":"2026-03-12T16:45:19","modified_gmt":"2026-03-12T15:45:19","slug":"sustainability","status":"publish","type":"page","link":"https:\/\/alltforsjon.se\/en\/about-allt-for-sjon\/sustainability\/","title":{"rendered":"Sustainability"},"content":{"rendered":"<p>[et_pb_section fb_built=&#8221;1&#8243; _builder_version=&#8221;4.27.4&#8243; _module_preset=&#8221;dcffbe7c-d829-4b92-9e28-730b66b1c6df&#8221; background_color=&#8221;#0A0A0A&#8221; use_background_color_gradient=&#8221;on&#8221; background_color_gradient_direction=&#8221;188deg&#8221; background_color_gradient_stops=&#8221;rgba(0,0,0,0) 70%|rgba(0,0,0,0.9) 100%&#8221; background_color_gradient_overlays_image=&#8221;on&#8221; background_image=&#8221;https:\/\/alltforsjon.se\/wp-content\/uploads\/2025\/10\/AFS_Hallbarhet.webp&#8221; global_colors_info=&#8221;{}&#8221; custom_days_label_text=&#8221;Days&#8221; custom_hours_label_text=&#8221;Hours&#8221; custom_minutes_label_text=&#8221;Minutes&#8221; custom_seconds_label_text=&#8221;Seconds&#8221;][et_pb_row _builder_version=&#8221;4.24.2&#8243; _module_preset=&#8221;b47dc7b0-0c21-48f4-9be5-365125495c37&#8243; locked=&#8221;off&#8221; global_colors_info=&#8221;{}&#8221; custom_days_label_text=&#8221;Days&#8221; custom_hours_label_text=&#8221;Hours&#8221; custom_minutes_label_text=&#8221;Minutes&#8221; custom_seconds_label_text=&#8221;Seconds&#8221;][et_pb_column type=&#8221;4_4&#8243; _builder_version=&#8221;4.24.0&#8243; _module_preset=&#8221;default&#8221; global_colors_info=&#8221;{}&#8221; custom_days_label_text=&#8221;Days&#8221; custom_hours_label_text=&#8221;Hours&#8221; custom_minutes_label_text=&#8221;Minutes&#8221; custom_seconds_label_text=&#8221;Seconds&#8221;][et_pb_cta title=&#8221;Sustainability&#8221; button_url=&#8221;#&#8221; _builder_version=&#8221;4.27.4&#8243; _module_preset=&#8221;0d7ddc9b-5fad-41ce-bbc3-1fa8c8b01c36&#8243; global_colors_info=&#8221;{%22gcid-m0fraqv3-qztm-9290-df11-7p07yu2mtcg6%22:%91%22header_text_color%22,%22button_bg_color%22,%22button_border_color%22,%22button_text_color%22,%22header_text_color%22,%22button_bg_color%22,%22button_border_color%22,%22button_text_color%22,%22header_text_color%22,%22button_bg_color%22,%22button_border_color%22,%22button_text_color%22,%22header_text_color%22,%22button_bg_color%22,%22button_border_color%22,%22button_text_color%22,%22header_text_color%22,%22button_bg_color%22,%22button_text_color%22,%22header_text_color%22,%22button_bg_color%22,%22button_text_color%22,%22header_text_color%22,%22button_bg_color%22,%22button_text_color%22,%22header_text_color%22,%22button_bg_color%22,%22button_text_color%22,%22header_text_color%22,%22button_bg_color%22,%22button_text_color%22,%22header_text_color%22,%22button_bg_color%22,%22button_text_color%22,%22button_bg_color%22,%22button_text_color%22%93,%22gcid-8ctl9olw-qzl0-39sh-h9m4-2r68cuzkve1q%22:%91%22button_bg_color%22,%22button_border_color%22,%22button_bg_color%22,%22button_border_color%22,%22button_bg_color%22,%22button_border_color%22,%22button_bg_color%22,%22button_border_color%22%93,%22gcid-zqmeyyr1-ozjs-tdol-t9th-kdmdqxufunhr%22:%91%22button_border_color%22,%22button_bg_color%22,%22button_border_color%22,%22button_bg_color%22,%22button_border_color%22,%22button_bg_color%22,%22button_border_color%22,%22button_bg_color%22,%22button_bg_color%22%93,%22gcid-xe7ua1bg-8o1q-uq3m-f8ql-qk12tgltkuk4%22:%91%22button_border_color__hover%22,%22button_bg_color__hover%22%93}&#8221; custom_days_label_text=&#8221;Days&#8221; custom_hours_label_text=&#8221;Hours&#8221; custom_minutes_label_text=&#8221;Minutes&#8221; custom_seconds_label_text=&#8221;Seconds&#8221;]<\/p>\n<p>Sustainability is about taking into account the needs of both current and future generations, and taking long-term responsibility in our daily activities.<\/p>\n<p>[\/et_pb_cta][\/et_pb_column][\/et_pb_row][\/et_pb_section][et_pb_section fb_built=&#8221;1&#8243; admin_label=&#8221;Bild 1\/2 + Text 1\/2&#8243; _builder_version=&#8221;4.27.4&#8243; _module_preset=&#8221;90f7fcc8-011e-4540-8598-a12e53a29ab5&#8243; background_color=&#8221;#FFFFFF&#8221; global_colors_info=&#8221;{%22gcid-zqmeyyr1-ozjs-tdol-t9th-kdmdqxufunhr%22:%91%22border_color_right%22,%22border_color_right%22,%22border_color_right%22%93}&#8221; custom_days_label_text=&#8221;Days&#8221; custom_hours_label_text=&#8221;Hours&#8221; custom_minutes_label_text=&#8221;Minutes&#8221; custom_seconds_label_text=&#8221;Seconds&#8221;][et_pb_row custom_padding_last_edited=&#8221;on|phone&#8221; _builder_version=&#8221;4.24.2&#8243; _module_preset=&#8221;default&#8221; custom_margin=&#8221;||||false|false&#8221; custom_padding=&#8221;||40px||false|false&#8221; custom_padding_tablet=&#8221;20px||||false|false&#8221; custom_padding_phone=&#8221;20px||5px||false|false&#8221; locked=&#8221;off&#8221; custom_days_label_text=&#8221;Days&#8221; custom_hours_label_text=&#8221;Hours&#8221; custom_minutes_label_text=&#8221;Minutes&#8221; custom_seconds_label_text=&#8221;Seconds&#8221;][et_pb_column type=&#8221;4_4&#8243; _builder_version=&#8221;4.23.4&#8243; _module_preset=&#8221;default&#8221; global_colors_info=&#8221;{}&#8221; custom_days_label_text=&#8221;Days&#8221; custom_hours_label_text=&#8221;Hours&#8221; custom_minutes_label_text=&#8221;Minutes&#8221; custom_seconds_label_text=&#8221;Seconds&#8221;][et_pb_text _builder_version=&#8221;4.27.4&#8243; _module_preset=&#8221;default&#8221; global_colors_info=&#8221;{}&#8221; custom_days_label_text=&#8221;Days&#8221; custom_hours_label_text=&#8221;Hours&#8221; custom_minutes_label_text=&#8221;Minutes&#8221; custom_seconds_label_text=&#8221;Seconds&#8221;]<\/p>\n<p>Sustainability is about taking into account the needs of both current and future generations, and taking long-term responsibility in our daily activities.<\/p>\n<p>[\/et_pb_text][et_pb_divider _builder_version=&#8221;4.24.2&#8243; _module_preset=&#8221;default&#8221; global_colors_info=&#8221;{}&#8221; custom_days_label_text=&#8221;Days&#8221; custom_hours_label_text=&#8221;Hours&#8221; custom_minutes_label_text=&#8221;Minutes&#8221; custom_seconds_label_text=&#8221;Seconds&#8221;][\/et_pb_divider][\/et_pb_column][\/et_pb_row][et_pb_row column_structure=&#8221;1_2,1_2&#8243; gutter_width=&#8221;3&#8243; make_equal=&#8221;on&#8221; module_class=&#8221;image-text&#8221; _builder_version=&#8221;4.24.2&#8243; _module_preset=&#8221;default&#8221; custom_padding=&#8221;7px||40px||false|false&#8221; global_colors_info=&#8221;{}&#8221; custom_days_label_text=&#8221;Days&#8221; custom_hours_label_text=&#8221;Hours&#8221; custom_minutes_label_text=&#8221;Minutes&#8221; custom_seconds_label_text=&#8221;Seconds&#8221;][et_pb_column type=&#8221;1_2&#8243; _builder_version=&#8221;4.23.4&#8243; _module_preset=&#8221;default&#8221; global_colors_info=&#8221;{}&#8221; custom_days_label_text=&#8221;Days&#8221; custom_hours_label_text=&#8221;Hours&#8221; custom_minutes_label_text=&#8221;Minutes&#8221; custom_seconds_label_text=&#8221;Seconds&#8221;][et_pb_text _builder_version=&#8221;4.27.4&#8243; _module_preset=&#8221;0f2e1f38-bdaa-4d98-8570-3ca277228993&#8243; global_colors_info=&#8221;{}&#8221; custom_days_label_text=&#8221;Days&#8221; custom_hours_label_text=&#8221;Hours&#8221; custom_minutes_label_text=&#8221;Minutes&#8221; custom_seconds_label_text=&#8221;Seconds&#8221;]<\/p>\n<h2>The Global Goals \u2013 Agenda 2030<\/h2>\n<p>[\/et_pb_text][et_pb_cta button_url=&#8221;@ET-DC@eyJkeW5hbWljIjp0cnVlLCJjb250ZW50IjoicG9zdF9saW5rX3VybF9wYWdlIiwic2V0dGluZ3MiOnsicG9zdF9pZCI6IjMzMTMzMDAifX0=@&#8221; module_class=&#8221;cta-full&#8221; _builder_version=&#8221;4.27.4&#8243; _dynamic_attributes=&#8221;button_url,link_option_url&#8221; _module_preset=&#8221;_initial&#8221; link_option_url=&#8221;@ET-DC@eyJkeW5hbWljIjp0cnVlLCJjb250ZW50IjoicG9zdF9saW5rX3VybF9wYWdlIiwic2V0dGluZ3MiOnsicG9zdF9pZCI6IjMzMTMzMDAifX0=@&#8221; global_colors_info=&#8221;{%22gcid-m0fraqv3-qztm-9290-df11-7p07yu2mtcg6%22:%91%22button_text_color%22,%22header_text_color%22,%22body_text_color%22,%22button_text_color%22,%22header_text_color%22,%22body_text_color%22,%22button_text_color%22,%22header_text_color%22,%22body_text_color%22%93,%22gcid-zqmeyyr1-ozjs-tdol-t9th-kdmdqxufunhr%22:%91%22button_bg_color%22,%22button_border_color%22,%22button_bg_color__hover%22,%22button_border_color__hover%22%93,%22gcid-rpq7hh92-raei-ujt7-9px1-91bouldh3khq%22:%91%22button_bg_color__hover%22%93,%22gcid-8ctl9olw-qzl0-39sh-h9m4-2r68cuzkve1q%22:%91%22button_border_color%22%93}&#8221; button_bg_color__hover=&#8221;#850002&#8243; button_border_color__hover=&#8221;#850002&#8243; custom_days_label_text=&#8221;Days&#8221; custom_hours_label_text=&#8221;Hours&#8221; custom_minutes_label_text=&#8221;Minutes&#8221; custom_seconds_label_text=&#8221;Seconds&#8221;]<\/p>\n<p>Allt f\u00f6r Sj\u00f6n supports these goals through a variety of actions and initiatives. We focus on Goals 6, 12, and 14 \u2013 the areas most closely aligned with our mission and where our impact can be most significant.<\/p>\n<h3>Goal 6: Ensure access to water and sanitation for all<\/h3>\n<p>We work to protect and restore water resources by promoting sustainable solutions within the boating industry.<\/p>\n<h3>Goal 12: Responsible Consumption and Production<\/h3>\n<p>Our goal is to reduce waste in the production of boats and accessories by recycling and using sustainable materials.<\/p>\n<h3>Goal 14: Life Below Water<\/h3>\n<p>We focus on reducing plastic pollution in the oceans and work to promote marine biodiversity through initiatives such as Krympplast recycling.<\/p>\n<p>[\/et_pb_cta][et_pb_button button_url=&#8221;https:\/\/fn.se\/vi-gor\/utveckling-och-fattigdomsbekampning\/agenda-2030\/?gad_source=1&#038;gclid=EAIaIQobChMIw7Xu4ba7iQMVcQWiAx2zCi8yEAAYASAAEgJ5RPD_BwE&#8221; url_new_window=&#8221;on&#8221; button_text=&#8221;Learn more about the UN Goals&#8221; button_alignment=&#8221;left&#8221; _builder_version=&#8221;4.27.4&#8243; _module_preset=&#8221;6980fec9-6f28-4429-9dc2-cbfb2eb650bb&#8221; global_colors_info=&#8221;{}&#8221; custom_days_label_text=&#8221;Days&#8221; custom_hours_label_text=&#8221;Hours&#8221; custom_minutes_label_text=&#8221;Minutes&#8221; custom_seconds_label_text=&#8221;Seconds&#8221;][\/et_pb_button][\/et_pb_column][et_pb_column type=&#8221;1_2&#8243; _builder_version=&#8221;4.23.4&#8243; _module_preset=&#8221;default&#8221; global_colors_info=&#8221;{}&#8221; custom_days_label_text=&#8221;Days&#8221; custom_hours_label_text=&#8221;Hours&#8221; custom_minutes_label_text=&#8221;Minutes&#8221; custom_seconds_label_text=&#8221;Seconds&#8221;][et_pb_image src=&#8221;https:\/\/alltforsjon.se\/wp-content\/uploads\/2024\/06\/globala-mal-1080&#215;540-1.jpg&#8221; alt=&#8221;Sustainability &#8221; title_text=&#8221;globala-mal-1080&#215;540&#8243; url=&#8221;@ET-DC@eyJkeW5hbWljIjp0cnVlLCJjb250ZW50IjoicG9zdF9saW5rX3VybF9wYWdlIiwic2V0dGluZ3MiOnsicG9zdF9pZCI6IjMzMTMzMDAifX0=@&#8221; _builder_version=&#8221;4.27.4&#8243; _dynamic_attributes=&#8221;url&#8221; _module_preset=&#8221;default&#8221; global_colors_info=&#8221;{}&#8221; custom_days_label_text=&#8221;Days&#8221; custom_hours_label_text=&#8221;Hours&#8221; custom_minutes_label_text=&#8221;Minutes&#8221; custom_seconds_label_text=&#8221;Seconds&#8221;][\/et_pb_image][\/et_pb_column][\/et_pb_row][et_pb_row column_structure=&#8221;1_2,1_2&#8243; gutter_width=&#8221;3&#8243; make_equal=&#8221;on&#8221; disabled_on=&#8221;on|on|on&#8221; module_class=&#8221;image-text&#8221; _builder_version=&#8221;4.27.4&#8243; _module_preset=&#8221;default&#8221; disabled=&#8221;on&#8221; global_colors_info=&#8221;{}&#8221; custom_days_label_text=&#8221;Days&#8221; custom_hours_label_text=&#8221;Hours&#8221; custom_minutes_label_text=&#8221;Minutes&#8221; custom_seconds_label_text=&#8221;Seconds&#8221;][et_pb_column type=&#8221;1_2&#8243; _builder_version=&#8221;4.23.4&#8243; _module_preset=&#8221;default&#8221; global_colors_info=&#8221;{}&#8221; custom_days_label_text=&#8221;Days&#8221; custom_hours_label_text=&#8221;Hours&#8221; custom_minutes_label_text=&#8221;Minutes&#8221; custom_seconds_label_text=&#8221;Seconds&#8221;][et_pb_cta title=&#8221;All for the Baltic Sea \u2013 turning words into action&#8221; button_url=&#8221;http:\/\/www.ostersjokontraktet.se&#8221; button_text=&#8221;Read more and sign the Baltic Sea contract here&#8221; _builder_version=&#8221;4.27.4&#8243; _module_preset=&#8221;_initial&#8221; link_option_url=&#8221;www.ostersjokontraktet.se&#8221; link_option_url_new_window=&#8221;on&#8221; global_colors_info=&#8221;{%22gcid-m0fraqv3-qztm-9290-df11-7p07yu2mtcg6%22:%91%22button_text_color%22,%22header_text_color%22,%22button_text_color%22,%22header_text_color%22,%22button_text_color%22,%22header_text_color%22%93,%22gcid-zqmeyyr1-ozjs-tdol-t9th-kdmdqxufunhr%22:%91%22button_bg_color%22,%22button_border_color%22,%22button_bg_color__hover%22,%22button_border_color__hover%22%93,%22gcid-rpq7hh92-raei-ujt7-9px1-91bouldh3khq%22:%91%22button_bg_color__hover%22%93,%22gcid-8ctl9olw-qzl0-39sh-h9m4-2r68cuzkve1q%22:%91%22button_border_color%22%93}&#8221; custom_days_label_text=&#8221;Days&#8221; custom_hours_label_text=&#8221;Hours&#8221; custom_minutes_label_text=&#8221;Minutes&#8221; custom_seconds_label_text=&#8221;Seconds&#8221;]<\/p>\n<p>We are partnering with the Baltic Sea Contract Foundation, which has brought together a range of key stakeholders in stand A04:30. Here they will showcase and share their work to save the Baltic Sea across different areas. Come and support them, meet researchers, and find out how you can contribute to a healthier sea in the future. There\u2019s something interesting for everyone \u2013 and fun activities for children too   <\/p>\n<p>[\/et_pb_cta][\/et_pb_column][et_pb_column type=&#8221;1_2&#8243; _builder_version=&#8221;4.25.1&#8243; _module_preset=&#8221;default&#8221; global_colors_info=&#8221;{}&#8221; custom_days_label_text=&#8221;Days&#8221; custom_hours_label_text=&#8221;Hours&#8221; custom_minutes_label_text=&#8221;Minutes&#8221; custom_seconds_label_text=&#8221;Seconds&#8221;][et_pb_image src=&#8221;https:\/\/alltforsjon.se\/wp-content\/uploads\/2024\/12\/Ostersjokontraktet-1080&#215;540-1.jpg&#8221; alt=&#8221;A picture of the sea with the R\u00e4dda \u00d6stersj\u00f6n logo on it&#8221; title_text=&#8221;Baltic Sea Treaty-1080&#215;540&#8243; url=&#8221;https:\/\/www.ostersjokontraktet.se\/&#8221; url_new_window=&#8221;on&#8221; _builder_version=&#8221;4.27.4&#8243; _module_preset=&#8221;default&#8221; global_colors_info=&#8221;{}&#8221; custom_days_label_text=&#8221;Days&#8221; custom_hours_label_text=&#8221;Hours&#8221; custom_minutes_label_text=&#8221;Minutes&#8221; custom_seconds_label_text=&#8221;Seconds&#8221;][\/et_pb_image][\/et_pb_column][\/et_pb_row][\/et_pb_section][et_pb_section fb_built=&#8221;1&#8243; custom_padding_last_edited=&#8221;off|desktop&#8221; admin_label=&#8221;Bild 1\/2 + Text 1\/2&#8243; _builder_version=&#8221;4.27.4&#8243; _module_preset=&#8221;90f7fcc8-011e-4540-8598-a12e53a29ab5&#8243; background_color=&#8221;#DFEBF7&#8243; custom_padding=&#8221;0px||50px||false|false&#8221; global_colors_info=&#8221;{%22gcid-zqmeyyr1-ozjs-tdol-t9th-kdmdqxufunhr%22:%91%22border_color_right%22,%22border_color_right%22,%22border_color_right%22%93}&#8221; custom_days_label_text=&#8221;Days&#8221; custom_hours_label_text=&#8221;Hours&#8221; custom_minutes_label_text=&#8221;Minutes&#8221; custom_seconds_label_text=&#8221;Seconds&#8221;][et_pb_row column_structure=&#8221;1_2,1_2&#8243; gutter_width=&#8221;3&#8243; make_equal=&#8221;on&#8221; module_class=&#8221;image-text&#8221; _builder_version=&#8221;4.24.2&#8243; _module_preset=&#8221;default&#8221; global_colors_info=&#8221;{}&#8221; custom_days_label_text=&#8221;Days&#8221; custom_hours_label_text=&#8221;Hours&#8221; custom_minutes_label_text=&#8221;Minutes&#8221; custom_seconds_label_text=&#8221;Seconds&#8221;][et_pb_column type=&#8221;1_2&#8243; _builder_version=&#8221;4.23.4&#8243; _module_preset=&#8221;default&#8221; global_colors_info=&#8221;{}&#8221; custom_days_label_text=&#8221;Days&#8221; custom_hours_label_text=&#8221;Hours&#8221; custom_minutes_label_text=&#8221;Minutes&#8221; custom_seconds_label_text=&#8221;Seconds&#8221;][et_pb_image src=&#8221;https:\/\/alltforsjon.se\/wp-content\/uploads\/2024\/07\/krympplast-1080&#215;540-1.jpg&#8221; alt=&#8221;Boats wrapped in shrink wrap&#8221; title_text=&#8221;krympplast-1080&#215;540&#8243; url=&#8221;@ET-DC@eyJkeW5hbWljIjp0cnVlLCJjb250ZW50IjoicG9zdF9saW5rX3VybF9wYWdlIiwic2V0dGluZ3MiOnsicG9zdF9pZCI6IjMzMTgxNjEifX0=@&#8221; _builder_version=&#8221;4.25.1&#8243; _dynamic_attributes=&#8221;url&#8221; _module_preset=&#8221;default&#8221; global_colors_info=&#8221;{}&#8221; custom_days_label_text=&#8221;Days&#8221; custom_hours_label_text=&#8221;Hours&#8221; custom_minutes_label_text=&#8221;Minutes&#8221; custom_seconds_label_text=&#8221;Seconds&#8221;][\/et_pb_image][\/et_pb_column][et_pb_column type=&#8221;1_2&#8243; _builder_version=&#8221;4.23.4&#8243; _module_preset=&#8221;default&#8221; global_colors_info=&#8221;{}&#8221; custom_days_label_text=&#8221;Days&#8221; custom_hours_label_text=&#8221;Hours&#8221; custom_minutes_label_text=&#8221;Minutes&#8221; custom_seconds_label_text=&#8221;Seconds&#8221;][et_pb_cta title=&#8221;What happens to all the plastic used during Allt f\u00f6r Sj\u00f6n?&#8221; module_class=&#8221;cta-full&#8221; _builder_version=&#8221;4.27.5&#8243; _module_preset=&#8221;_initial&#8221; hover_enabled=&#8221;0&#8243; global_colors_info=&#8221;{%22gcid-m0fraqv3-qztm-9290-df11-7p07yu2mtcg6%22:%91%22button_text_color%22,%22header_text_color%22,%22body_text_color%22,%22button_text_color%22,%22header_text_color%22,%22body_text_color%22,%22button_text_color%22,%22header_text_color%22,%22body_text_color%22%93,%22gcid-zqmeyyr1-ozjs-tdol-t9th-kdmdqxufunhr%22:%91%22button_bg_color%22,%22button_border_color%22,%22button_bg_color__hover%22,%22button_border_color__hover%22%93,%22gcid-rpq7hh92-raei-ujt7-9px1-91bouldh3khq%22:%91%22button_bg_color__hover%22%93,%22gcid-8ctl9olw-qzl0-39sh-h9m4-2r68cuzkve1q%22:%91%22button_border_color%22%93}&#8221; button_bg_color__hover=&#8221;#850002&#8243; button_border_color__hover=&#8221;#850002&#8243; custom_days_label_text=&#8221;Days&#8221; custom_hours_label_text=&#8221;Hours&#8221; custom_minutes_label_text=&#8221;Minutes&#8221; custom_seconds_label_text=&#8221;Seconds&#8221; sticky_enabled=&#8221;0&#8243;]<\/p>\n<p>The shrink wrap that protects the boats during transport to Stockholmsm\u00e4ssan is collected in collaboration by <strong>Marin Loopen<\/strong> and recycled into new plastic products.<\/p>\n<p>[\/et_pb_cta][\/et_pb_column][\/et_pb_row][et_pb_row column_structure=&#8221;1_2,1_2&#8243; gutter_width=&#8221;3&#8243; make_equal=&#8221;on&#8221; custom_padding_last_edited=&#8221;on|desktop&#8221; module_class=&#8221;image-text&#8221; _builder_version=&#8221;4.24.3&#8243; _module_preset=&#8221;default&#8221; custom_padding_tablet=&#8221;&#8221; custom_padding_phone=&#8221;&#8221; custom_days_label_text=&#8221;Days&#8221; custom_hours_label_text=&#8221;Hours&#8221; custom_minutes_label_text=&#8221;Minutes&#8221; custom_seconds_label_text=&#8221;Seconds&#8221;][et_pb_column type=&#8221;1_2&#8243; _builder_version=&#8221;4.24.3&#8243; _module_preset=&#8221;default&#8221; link_option_url=&#8221;https:\/\/stockholmsmassan.se\/hallbarhet\/&#8221; global_colors_info=&#8221;{}&#8221; custom_days_label_text=&#8221;Days&#8221; custom_hours_label_text=&#8221;Hours&#8221; custom_minutes_label_text=&#8221;Minutes&#8221; custom_seconds_label_text=&#8221;Seconds&#8221;][et_pb_cta title=&#8221;Our sustainability work&#8221; button_url=&#8221;https:\/\/stockholmsmassan.se\/hallbarhet\/&#8221; button_text=&#8221;Read more&#8221; _builder_version=&#8221;4.27.0&#8243; _module_preset=&#8221;_initial&#8221; link_option_url=&#8221;https:\/\/stockholmsmassan.se\/hallbarhet\/&#8221; link_option_url_new_window=&#8221;on&#8221; global_colors_info=&#8221;{%22gcid-m0fraqv3-qztm-9290-df11-7p07yu2mtcg6%22:%91%22button_text_color%22,%22header_text_color%22%93,%22gcid-8ctl9olw-qzl0-39sh-h9m4-2r68cuzkve1q%22:%91%22button_border_color%22,%22button_border_color__hover%22%93,%22gcid-zqmeyyr1-ozjs-tdol-t9th-kdmdqxufunhr%22:%91%22button_border_color%22,%22button_bg_color%22%93,%22gcid-xe7ua1bg-8o1q-uq3m-f8ql-qk12tgltkuk4%22:%91%22button_border_color__hover%22,%22button_bg_color__hover%22,%22button_border_color__hover%22,%22button_bg_color__hover%22%93}&#8221; custom_days_label_text=&#8221;Days&#8221; custom_hours_label_text=&#8221;Hours&#8221; custom_minutes_label_text=&#8221;Minutes&#8221; custom_seconds_label_text=&#8221;Seconds&#8221;]<\/p>\n<p>Sustainability is about taking into account the needs of both current and future generations, and taking long-term responsibility in our daily activities. Stockholmsm\u00e4ssan\u2019s sustainability work is carried out within three focus areas: Sustainable Community, Sustainable Environment, and Sustainable Innovation<\/p>\n<p>[\/et_pb_cta][\/et_pb_column][et_pb_column type=&#8221;1_2&#8243; _builder_version=&#8221;4.24.3&#8243; _module_preset=&#8221;default&#8221; link_option_url=&#8221;https:\/\/stockholmsmassan.se\/hallbarhet\/&#8221; global_colors_info=&#8221;{}&#8221; custom_days_label_text=&#8221;Days&#8221; custom_hours_label_text=&#8221;Hours&#8221; custom_minutes_label_text=&#8221;Minutes&#8221; custom_seconds_label_text=&#8221;Seconds&#8221;][et_pb_image src=&#8221;https:\/\/alltforsjon.se\/wp-content\/uploads\/2024\/03\/Stockholmsmassan_1080x540-2.jpg&#8221; title_text=&#8221;Stockholmsm\u00e4ssan_1080x540 (2)&#8221; url=&#8221;https:\/\/stockholmsmassan.se\/hallbarhet\/&#8221; url_new_window=&#8221;on&#8221; _builder_version=&#8221;4.24.3&#8243; _module_preset=&#8221;default&#8221; global_colors_info=&#8221;{}&#8221; custom_days_label_text=&#8221;Days&#8221; custom_hours_label_text=&#8221;Hours&#8221; custom_minutes_label_text=&#8221;Minutes&#8221; custom_seconds_label_text=&#8221;Seconds&#8221;][\/et_pb_image][\/et_pb_column][\/et_pb_row][\/et_pb_section][et_pb_section fb_built=&#8221;1&#8243; admin_label=&#8221;Video&#8221; _builder_version=&#8221;4.24.3&#8243; _module_preset=&#8221;6d986430-8254-410d-9421-a6022320eab5&#8243; background_color=&#8221;gcid-m0fraqv3-qztm-9290-df11-7p07yu2mtcg6&#8243; custom_padding=&#8221;80px||80px||true|false&#8221; custom_padding_tablet=&#8221;0px||0px||false|false&#8221; custom_padding_phone=&#8221;0px||||false|false&#8221; global_colors_info=&#8221;{%22gcid-zqmeyyr1-ozjs-tdol-t9th-kdmdqxufunhr%22:%91%22border_color_right%22,%22border_color_right%22%93,%22gcid-m0fraqv3-qztm-9290-df11-7p07yu2mtcg6%22:%91%22background_color%22%93}&#8221; custom_days_label_text=&#8221;Days&#8221; custom_hours_label_text=&#8221;Hours&#8221; custom_minutes_label_text=&#8221;Minutes&#8221; custom_seconds_label_text=&#8221;Seconds&#8221;][et_pb_row _builder_version=&#8221;4.23.4&#8243; _module_preset=&#8221;default&#8221; global_colors_info=&#8221;{}&#8221; custom_days_label_text=&#8221;Days&#8221; custom_hours_label_text=&#8221;Hours&#8221; custom_minutes_label_text=&#8221;Minutes&#8221; custom_seconds_label_text=&#8221;Seconds&#8221;][et_pb_column type=&#8221;4_4&#8243; _builder_version=&#8221;4.23.4&#8243; _module_preset=&#8221;default&#8221; global_colors_info=&#8221;{}&#8221; custom_days_label_text=&#8221;Days&#8221; custom_hours_label_text=&#8221;Hours&#8221; custom_minutes_label_text=&#8221;Minutes&#8221; custom_seconds_label_text=&#8221;Seconds&#8221;][et_pb_video src=&#8221;https:\/\/www.youtube.com\/watch?v=LuK1gRnliw4&#8243; image_src=&#8221;\/\/i.ytimg.com\/vi\/LuK1gRnliw4\/hqdefault.jpg&#8221; _builder_version=&#8221;4.24.3&#8243; _module_preset=&#8221;default&#8221; custom_days_label_text=&#8221;Days&#8221; custom_hours_label_text=&#8221;Hours&#8221; custom_minutes_label_text=&#8221;Minutes&#8221; custom_seconds_label_text=&#8221;Seconds&#8221;][\/et_pb_video][\/et_pb_column][\/et_pb_row][\/et_pb_section]<\/p>\n","protected":false},"excerpt":{"rendered":"<p>Sustainability is about taking into account the needs of both current and future generations, and taking long-term responsibility in our daily activities.Sustainability is about taking into account the needs of [&hellip;]<\/p>\n","protected":false},"author":31,"featured_media":0,"parent":3322558,"menu_order":0,"comment_status":"closed","ping_status":"closed","template":"","meta":{"_et_pb_use_builder":"on","_et_pb_old_content":"","_et_gb_content_width":"","footnotes":""},"hf_cat_page":[],"class_list":["post-3315986","page","type-page","status-publish","hentry"],"_links":{"self":[{"href":"https:\/\/alltforsjon.se\/en\/wp-json\/wp\/v2\/pages\/3315986","targetHints":{"allow":["GET"]}}],"collection":[{"href":"https:\/\/alltforsjon.se\/en\/wp-json\/wp\/v2\/pages"}],"about":[{"href":"https:\/\/alltforsjon.se\/en\/wp-json\/wp\/v2\/types\/page"}],"author":[{"embeddable":true,"href":"https:\/\/alltforsjon.se\/en\/wp-json\/wp\/v2\/users\/31"}],"replies":[{"embeddable":true,"href":"https:\/\/alltforsjon.se\/en\/wp-json\/wp\/v2\/comments?post=3315986"}],"version-history":[{"count":7,"href":"https:\/\/alltforsjon.se\/en\/wp-json\/wp\/v2\/pages\/3315986\/revisions"}],"predecessor-version":[{"id":3402926,"href":"https:\/\/alltforsjon.se\/en\/wp-json\/wp\/v2\/pages\/3315986\/revisions\/3402926"}],"up":[{"embeddable":true,"href":"https:\/\/alltforsjon.se\/en\/wp-json\/wp\/v2\/pages\/3322558"}],"wp:attachment":[{"href":"https:\/\/alltforsjon.se\/en\/wp-json\/wp\/v2\/media?parent=3315986"}],"wp:term":[{"taxonomy":"hf_cat_page","embeddable":true,"href":"https:\/\/alltforsjon.se\/en\/wp-json\/wp\/v2\/hf_cat_page?post=3315986"}],"curies":[{"name":"wp","href":"https:\/\/api.w.org\/{rel}","templated":true}]}}