{"id":3315813,"date":"2024-03-11T13:36:01","date_gmt":"2024-03-11T12:36:01","guid":{"rendered":"https:\/\/dev.formex.se\/for-booked-exhibitors\/"},"modified":"2025-09-05T11:09:39","modified_gmt":"2025-09-05T09:09:39","slug":"for-booked-exhibitors","status":"publish","type":"page","link":"https:\/\/alltforsjon.se\/en\/for-exhibitors\/for-booked-exhibitors\/","title":{"rendered":"For booked exhibitors"},"content":{"rendered":"<p>[et_pb_section fb_built=&#8221;1&#8243; _builder_version=&#8221;4.27.0&#8243; _module_preset=&#8221;dcffbe7c-d829-4b92-9e28-730b66b1c6df&#8221; background_enable_color=&#8221;off&#8221; use_background_color_gradient=&#8221;on&#8221; background_color_gradient_stops=&#8221;rgba(0,0,0,0) 30%|rgba(0,0,0,0.9) 100%&#8221; background_color_gradient_overlays_image=&#8221;on&#8221; background_image=&#8221;https:\/\/alltforsjon.se\/wp-content\/uploads\/2024\/07\/for-bokade-utstallare-1920&#215;980-1.jpg&#8221; custom_padding=&#8221;||0px|1px|false|false&#8221; global_colors_info=&#8221;{}&#8221;][et_pb_row _builder_version=&#8221;4.24.2&#8243; _module_preset=&#8221;b47dc7b0-0c21-48f4-9be5-365125495c37&#8243; locked=&#8221;off&#8221; global_colors_info=&#8221;{}&#8221;][et_pb_column type=&#8221;4_4&#8243; _builder_version=&#8221;4.24.0&#8243; _module_preset=&#8221;default&#8221; global_colors_info=&#8221;{}&#8221;][et_pb_cta title=&#8221;Booked exhibitors&#8221; button_url=&#8221;https:\/\/exhibitors.stockholmsmassan.se\/?site=alltforsjon&#8221; url_new_window=&#8221;on&#8221; button_text=&#8221;To the exhibitor portal&#8221; _builder_version=&#8221;4.27.4&#8243; _module_preset=&#8221;0d7ddc9b-5fad-41ce-bbc3-1fa8c8b01c36&#8243; button_text_color=&#8221;#FFFFFF&#8221; link_option_url=&#8221;https:\/\/exhibitors.stockholmsmassan.se\/?site=alltforsjon&#8221; link_option_url_new_window=&#8221;on&#8221; hover_enabled=&#8221;0&#8243; global_colors_info=&#8221;{%22gcid-m0fraqv3-qztm-9290-df11-7p07yu2mtcg6%22:%91%22header_text_color%22,%22button_text_color%22,%22header_text_color%22%93}&#8221; button_bg_color__hover_enabled=&#8221;on|hover&#8221; button_border_color__hover_enabled=&#8221;on|desktop&#8221; button_border_color__hover=&#8221;#276FFF&#8221; sticky_enabled=&#8221;0&#8243;]<\/p>\n<p>For those of you who have already booked your place at Allt f\u00f6r sj\u00f6n<\/p>\n<p>[\/et_pb_cta][\/et_pb_column][\/et_pb_row][\/et_pb_section][et_pb_section fb_built=&#8221;1&#8243; admin_label=&#8221;Bild 1\/2 + Text 1\/2&#8243; _builder_version=&#8221;4.27.0&#8243; _module_preset=&#8221;90f7fcc8-011e-4540-8598-a12e53a29ab5&#8243; background_color=&#8221;#CCDEF1&#8243; global_colors_info=&#8221;{%22gcid-zqmeyyr1-ozjs-tdol-t9th-kdmdqxufunhr%22:%91%22border_color_right%22,%22border_color_right%22,%22border_color_right%22,%22border_color_right%22%93}&#8221;][et_pb_row column_structure=&#8221;1_2,1_2&#8243; gutter_width=&#8221;3&#8243; make_equal=&#8221;on&#8221; module_class=&#8221;image-text&#8221; _builder_version=&#8221;4.24.2&#8243; _module_preset=&#8221;default&#8221; global_colors_info=&#8221;{}&#8221;][et_pb_column type=&#8221;1_2&#8243; _builder_version=&#8221;4.23.4&#8243; _module_preset=&#8221;default&#8221; global_colors_info=&#8221;{}&#8221;][et_pb_image src=&#8221;https:\/\/alltforsjon.se\/wp-content\/uploads\/2024\/07\/till-utstallarportalen-1080&#215;540-1.jpg&#8221; alt=&#8221;Two exhibitors from Allt f\u00f6r sj\u00f6n&#8221; title_text=&#8221;till-utstallarportalen-1080&#215;540&#8243; url=&#8221;https:\/\/exhibitors.stockholmsmassan.se\/?site=hemochvilla&amp;_gl=1*ond7z0*_gcl_au*NjM4OTU5NzkwLjE3MTMzMzU3NjU.&amp;_ga=2.266837390.1456252022.1716192717-1141515186.1697116943&#8243; url_new_window=&#8221;on&#8221; module_class=&#8221;puff-image&#8221; _builder_version=&#8221;4.27.4&#8243; _module_preset=&#8221;default&#8221; global_colors_info=&#8221;{}&#8221;][\/et_pb_image][\/et_pb_column][et_pb_column type=&#8221;1_2&#8243; _builder_version=&#8221;4.23.4&#8243; _module_preset=&#8221;default&#8221; global_colors_info=&#8221;{}&#8221;][et_pb_cta title=&#8221;Exhibitor portal for booked exhibitors&#8221; button_url=&#8221;https:\/\/exhibitors.stockholmsmassan.se\/?site=alltforsjon&#8221; url_new_window=&#8221;on&#8221; button_text=&#8221;To the exhibitor portal&#8221; _builder_version=&#8221;4.27.4&#8243; _module_preset=&#8221;_initial&#8221; background_layout=&#8221;dark&#8221; link_option_url=&#8221;https:\/\/exhibitors.stockholmsmassan.se\/?site=alltforsjon&#8221; link_option_url_new_window=&#8221;on&#8221; global_colors_info=&#8221;{%22gcid-m0fraqv3-qztm-9290-df11-7p07yu2mtcg6%22:%91%22button_text_color%22,%22button_text_color%22,%22button_text_color%22,%22button_text_color%22,%22button_text_color%22,%22button_text_color%22,%22button_text_color%22,%22button_text_color%22%93,%22gcid-zqmeyyr1-ozjs-tdol-t9th-kdmdqxufunhr%22:%91%22button_border_color%22,%22button_border_color%22,%22button_border_color%22,%22button_border_color%22,%22button_border_color%22%93,%22gcid-rpq7hh92-raei-ujt7-9px1-91bouldh3khq%22:%91%22button_border_color__hover%22,%22button_border_color__hover%22,%22button_border_color__hover%22%93,%22gcid-8ctl9olw-qzl0-39sh-h9m4-2r68cuzkve1q%22:%91%22button_border_color%22,%22button_border_color%22%93}&#8221;]<\/p>\n<p>The exhibitor portal contains all the information you need for your participation at Allt f\u00f6r sj\u00f6n. You can log in to access personalized information, including a customized to-do list.<\/p>\n<p>[\/et_pb_cta][\/et_pb_column][\/et_pb_row][\/et_pb_section][et_pb_section fb_built=&#8221;1&#8243; _builder_version=&#8221;4.25.1&#8243; _module_preset=&#8221;2a459c2d-7e93-4e3c-a782-7b51ab1a361a&#8221; background_color=&#8221;RGBA(255,255,255,0)&#8221; custom_padding=&#8221;19px||100px||false|false&#8221; global_colors_info=&#8221;{%22gcid-zqmeyyr1-ozjs-tdol-t9th-kdmdqxufunhr%22:%91%22border_color_right%22,%22border_color_right%22,%22border_color_right%22,%22border_color_right%22,%22border_color_right%22%93}&#8221;][et_pb_row _builder_version=&#8221;4.24.2&#8243; _module_preset=&#8221;default&#8221; global_colors_info=&#8221;{}&#8221;][et_pb_column type=&#8221;4_4&#8243; _builder_version=&#8221;4.24.2&#8243; _module_preset=&#8221;default&#8221; global_colors_info=&#8221;{}&#8221;][et_pb_text _builder_version=&#8221;4.27.4&#8243; _module_preset=&#8221;default&#8221; max_width=&#8221;1528px&#8221; custom_margin=&#8221;|-1108px|0px||false|false&#8221; custom_padding=&#8221;|0px||||&#8221; global_colors_info=&#8221;{}&#8221;]<\/p>\n<h3>Want to book our products and services for your stand? Get practical information? <br \/>Please contact Event Services.<\/h3>\n<p>&nbsp;<\/p>\n<p>Phone: +46 8 749 44 44<\/p>\n<p>Send email: <a href=\"mailto:eventservice@stockholmsmassan.se\">eventservice@stockholmsmassan.se <\/a><\/p>\n<p>[\/et_pb_text][\/et_pb_column][\/et_pb_row][\/et_pb_section]<\/p>\n","protected":false},"excerpt":{"rendered":"<p>For those of you who have already booked your place at Allt f\u00f6r sj\u00f6nThe exhibitor portal contains all the information you need for your participation at Allt f\u00f6r sj\u00f6n. You [&hellip;]<\/p>\n","protected":false},"author":31,"featured_media":0,"parent":3322510,"menu_order":0,"comment_status":"closed","ping_status":"closed","template":"","meta":{"_et_pb_use_builder":"on","_et_pb_old_content":"","_et_gb_content_width":"","footnotes":""},"hf_cat_page":[],"class_list":["post-3315813","page","type-page","status-publish","hentry"],"_links":{"self":[{"href":"https:\/\/alltforsjon.se\/en\/wp-json\/wp\/v2\/pages\/3315813","targetHints":{"allow":["GET"]}}],"collection":[{"href":"https:\/\/alltforsjon.se\/en\/wp-json\/wp\/v2\/pages"}],"about":[{"href":"https:\/\/alltforsjon.se\/en\/wp-json\/wp\/v2\/types\/page"}],"author":[{"embeddable":true,"href":"https:\/\/alltforsjon.se\/en\/wp-json\/wp\/v2\/users\/31"}],"replies":[{"embeddable":true,"href":"https:\/\/alltforsjon.se\/en\/wp-json\/wp\/v2\/comments?post=3315813"}],"version-history":[{"count":0,"href":"https:\/\/alltforsjon.se\/en\/wp-json\/wp\/v2\/pages\/3315813\/revisions"}],"up":[{"embeddable":true,"href":"https:\/\/alltforsjon.se\/en\/wp-json\/wp\/v2\/pages\/3322510"}],"wp:attachment":[{"href":"https:\/\/alltforsjon.se\/en\/wp-json\/wp\/v2\/media?parent=3315813"}],"wp:term":[{"taxonomy":"hf_cat_page","embeddable":true,"href":"https:\/\/alltforsjon.se\/en\/wp-json\/wp\/v2\/hf_cat_page?post=3315813"}],"curies":[{"name":"wp","href":"https:\/\/api.w.org\/{rel}","templated":true}]}}