{"id":3315795,"date":"2024-02-29T08:52:57","date_gmt":"2024-02-29T07:52:57","guid":{"rendered":"https:\/\/dev.formex.se\/about-us\/press\/"},"modified":"2026-03-06T13:17:52","modified_gmt":"2026-03-06T12:17:52","slug":"press","status":"publish","type":"page","link":"https:\/\/alltforsjon.se\/en\/press\/","title":{"rendered":"Press"},"content":{"rendered":"<p>[et_pb_section fb_built=&#8221;1&#8243; _builder_version=&#8221;4.27.4&#8243; _module_preset=&#8221;dcffbe7c-d829-4b92-9e28-730b66b1c6df&#8221; background_color=&#8221;#0A0A0A&#8221; use_background_color_gradient=&#8221;on&#8221; background_color_gradient_stops=&#8221;rgba(0,0,0,0) 60%|#000000 100%&#8221; background_color_gradient_overlays_image=&#8221;on&#8221; background_image=&#8221;https:\/\/alltforsjon.se\/wp-content\/uploads\/2024\/11\/press-1920&#215;980-1.jpg&#8221; custom_margin=&#8221;-50px||||false|false&#8221; global_colors_info=&#8221;{%22gcid-zqmeyyr1-ozjs-tdol-t9th-kdmdqxufunhr%22:%91%22border_color_right%22,%22border_color_right%22,%22border_color_right%22%93}&#8221; custom_days_label_text=&#8221;Dagar&#8221; custom_hours_label_text=&#8221;Timmar&#8221; custom_minutes_label_text=&#8221;Minuter&#8221; custom_seconds_label_text=&#8221;Sekunder&#8221;][et_pb_row _builder_version=&#8221;4.27.4&#8243; _module_preset=&#8221;b47dc7b0-0c21-48f4-9be5-365125495c37&#8243; background_enable_color=&#8221;off&#8221; global_colors_info=&#8221;{}&#8221; custom_days_label_text=&#8221;Dagar&#8221; custom_hours_label_text=&#8221;Timmar&#8221; custom_minutes_label_text=&#8221;Minuter&#8221; custom_seconds_label_text=&#8221;Sekunder&#8221;][et_pb_column type=&#8221;4_4&#8243; _builder_version=&#8221;4.24.0&#8243; _module_preset=&#8221;default&#8221; global_colors_info=&#8221;{}&#8221; custom_days_label_text=&#8221;Dagar&#8221; custom_hours_label_text=&#8221;Timmar&#8221; custom_minutes_label_text=&#8221;Minuter&#8221; custom_seconds_label_text=&#8221;Sekunder&#8221;][et_pb_cta title=&#8221;Press&#8221; _builder_version=&#8221;4.27.4&#8243; _module_preset=&#8221;0d7ddc9b-5fad-41ce-bbc3-1fa8c8b01c36&#8243; global_colors_info=&#8221;{%22gcid-m0fraqv3-qztm-9290-df11-7p07yu2mtcg6%22:%91%22header_text_color%22,%22button_text_color%22,%22header_text_color%22,%22button_text_color%22,%22header_text_color%22,%22button_border_color%22,%22button_text_color%22%93,%22gcid-zqmeyyr1-ozjs-tdol-t9th-kdmdqxufunhr%22:%91%22button_border_color%22,%22button_bg_color%22,%22button_border_color%22,%22button_bg_color%22%93,%22gcid-xe7ua1bg-8o1q-uq3m-f8ql-qk12tgltkuk4%22:%91%22button_border_color__hover%22,%22button_bg_color__hover%22%93,%22gcid-8ctl9olw-qzl0-39sh-h9m4-2r68cuzkve1q%22:%91%22button_border_color%22%93}&#8221; custom_days_label_text=&#8221;Dagar&#8221; custom_hours_label_text=&#8221;Timmar&#8221; custom_minutes_label_text=&#8221;Minuter&#8221; custom_seconds_label_text=&#8221;Sekunder&#8221;][\/et_pb_cta][\/et_pb_column][\/et_pb_row][\/et_pb_section][et_pb_section fb_built=&#8221;1&#8243; custom_padding_last_edited=&#8221;on|desktop&#8221; admin_label=&#8221;Text 50\/50&#8243; _builder_version=&#8221;4.27.4&#8243; _module_preset=&#8221;34b06a86-dc81-4983-919e-0fd7f286eb1b&#8221; background_color=&#8221;#DFEBF7&#8243; custom_padding=&#8221;50px||50px||true|false&#8221; custom_padding_tablet=&#8221;50px||50px||true|false&#8221; custom_padding_phone=&#8221;10px||10px||true|false&#8221; locked=&#8221;off&#8221; global_colors_info=&#8221;{}&#8221; custom_days_label_text=&#8221;Dagar&#8221; custom_hours_label_text=&#8221;Timmar&#8221; custom_minutes_label_text=&#8221;Minuter&#8221; custom_seconds_label_text=&#8221;Sekunder&#8221;][et_pb_row column_structure=&#8221;3_5,2_5&#8243; custom_padding_last_edited=&#8221;on|phone&#8221; _builder_version=&#8221;4.27.5&#8243; _module_preset=&#8221;default&#8221; custom_margin=&#8221;||||false|false&#8221; custom_padding_tablet=&#8221;20px||||false|false&#8221; custom_padding_phone=&#8221;||0px||false|false&#8221; hover_enabled=&#8221;0&#8243; locked=&#8221;off&#8221; global_colors_info=&#8221;{}&#8221; custom_days_label_text=&#8221;Dagar&#8221; custom_hours_label_text=&#8221;Timmar&#8221; custom_minutes_label_text=&#8221;Minuter&#8221; custom_seconds_label_text=&#8221;Sekunder&#8221; sticky_enabled=&#8221;0&#8243;][et_pb_column type=&#8221;3_5&#8243; _builder_version=&#8221;4.23.4&#8243; _module_preset=&#8221;default&#8221; global_colors_info=&#8221;{}&#8221; custom_days_label_text=&#8221;Dagar&#8221; custom_hours_label_text=&#8221;Timmar&#8221; custom_minutes_label_text=&#8221;Minuter&#8221; custom_seconds_label_text=&#8221;Sekunder&#8221;][et_pb_text _builder_version=&#8221;4.27.4&#8243; _module_preset=&#8221;91303309-ab2a-47f7-86a2-bf644d336a61&#8243; max_width=&#8221;1024px&#8221; global_colors_info=&#8221;{}&#8221; custom_days_label_text=&#8221;Dagar&#8221; custom_hours_label_text=&#8221;Timmar&#8221; custom_minutes_label_text=&#8221;Minuter&#8221; custom_seconds_label_text=&#8221;Sekunder&#8221;]<\/p>\n<h2>Welcome to Stockholmsm\u00e4ssan&#8217;s press department<\/h2>\n<p>[\/et_pb_text][et_pb_divider _builder_version=&#8221;4.24.2&#8243; _module_preset=&#8221;default&#8221; global_colors_info=&#8221;{}&#8221; custom_days_label_text=&#8221;Dagar&#8221; custom_hours_label_text=&#8221;Timmar&#8221; custom_minutes_label_text=&#8221;Minuter&#8221; custom_seconds_label_text=&#8221;Sekunder&#8221;][\/et_pb_divider][et_pb_text _builder_version=&#8221;4.27.5&#8243; _module_preset=&#8221;default&#8221; custom_padding=&#8221;||||false|false&#8221; hover_enabled=&#8221;0&#8243; global_colors_info=&#8221;{}&#8221; custom_days_label_text=&#8221;Dagar&#8221; custom_hours_label_text=&#8221;Timmar&#8221; custom_minutes_label_text=&#8221;Minuter&#8221; custom_seconds_label_text=&#8221;Sekunder&#8221; sticky_enabled=&#8221;0&#8243;]<\/p>\n<p>Find Allt f\u00f6r sj\u00f6n press releases, high-resolution images, logos, and apply for press accreditation here. During the fair, our Press Center at the fair is usually open.<\/p>\n<p>Press enquiries:<br \/>Please contact the press office at Stockholmsm\u00e4ssan.<br \/><a href=\"mailto:press@stockholmsmassan.se\">press@stockholmsmassan.se<\/a><br \/><a href=\"tel:+46707894285\">+46 70 789 42 85<\/a><\/p>\n<p>Welcome!<\/p>\n<p>[\/et_pb_text][\/et_pb_column][et_pb_column type=&#8221;2_5&#8243; _builder_version=&#8221;4.23.4&#8243; _module_preset=&#8221;default&#8221; global_colors_info=&#8221;{}&#8221; custom_days_label_text=&#8221;Dagar&#8221; custom_hours_label_text=&#8221;Timmar&#8221; custom_minutes_label_text=&#8221;Minuter&#8221; custom_seconds_label_text=&#8221;Sekunder&#8221;][\/et_pb_column][\/et_pb_row][\/et_pb_section][et_pb_section fb_built=&#8221;1&#8243; _builder_version=&#8221;4.27.4&#8243; _module_preset=&#8221;_initial&#8221; background_color=&#8221;#DFEBF7&#8243; custom_padding=&#8221;50px||50px||true|false&#8221; custom_padding_tablet=&#8221;100px||||false|false&#8221; custom_padding_phone=&#8221;60px||0px||false|false&#8221; global_colors_info=&#8221;{}&#8221; custom_days_label_text=&#8221;Dagar&#8221; custom_hours_label_text=&#8221;Timmar&#8221; custom_minutes_label_text=&#8221;Minuter&#8221; custom_seconds_label_text=&#8221;Sekunder&#8221;][et_pb_row column_structure=&#8221;1_3,1_3,1_3&#8243; _builder_version=&#8221;4.27.4&#8243; _module_preset=&#8221;f9b766ed-ceef-4cd8-958d-5caeab6123e6&#8243; custom_padding=&#8221;0px||0px||false|false&#8221; locked=&#8221;off&#8221; custom_days_label_text=&#8221;Dagar&#8221; custom_hours_label_text=&#8221;Timmar&#8221; custom_minutes_label_text=&#8221;Minuter&#8221; custom_seconds_label_text=&#8221;Sekunder&#8221;][et_pb_column type=&#8221;1_3&#8243; _builder_version=&#8221;4.24.2&#8243; _module_preset=&#8221;default&#8221; link_option_url=&#8221;#&#8221; global_colors_info=&#8221;{}&#8221; custom_days_label_text=&#8221;Dagar&#8221; custom_hours_label_text=&#8221;Timmar&#8221; custom_minutes_label_text=&#8221;Minuter&#8221; custom_seconds_label_text=&#8221;Sekunder&#8221;][et_pb_image src=&#8221;https:\/\/alltforsjon.se\/wp-content\/uploads\/2024\/03\/1080-540-press.jpg&#8221; alt=&#8221;Person holding a smartphone showing events in the Stockholmsm\u00e4ssan mobile app.&#8221; title_text=&#8221;1080-540 press&#8221; force_fullwidth=&#8221;on&#8221; module_class=&#8221;puff-image&#8221; _builder_version=&#8221;4.27.4&#8243; _module_preset=&#8221;default&#8221; global_colors_info=&#8221;{}&#8221; custom_days_label_text=&#8221;Dagar&#8221; custom_hours_label_text=&#8221;Timmar&#8221; custom_minutes_label_text=&#8221;Minuter&#8221; custom_seconds_label_text=&#8221;Sekunder&#8221;][\/et_pb_image][et_pb_cta title=&#8221;Press releases&#8221; button_url=&#8221;http:\/\/www.mynewsdesk.com\/se\/stockholmsmassan\/latest_news\/tag\/allt-foer-sjoen&#8221; url_new_window=&#8221;on&#8221; button_text=&#8221;Latest news&#8221; _builder_version=&#8221;4.27.4&#8243; _module_preset=&#8221;e522eb66-87c3-4648-89dc-84da811024a7&#8243; link_option_url=&#8221;http:\/\/www.mynewsdesk.com\/se\/stockholmsmassan\/latest_news\/tag\/allt-foer-sjoen&#8221; link_option_url_new_window=&#8221;on&#8221; global_colors_info=&#8221;{%22gcid-zqmeyyr1-ozjs-tdol-t9th-kdmdqxufunhr%22:%91%22button_bg_color%22,%22button_border_color%22,%22button_bg_color%22,%22button_border_color%22,%22button_bg_color%22,%22button_border_color%22,%22button_bg_color%22,%22button_border_color%22,%22button_border_color%22%93,%22gcid-8ctl9olw-qzl0-39sh-h9m4-2r68cuzkve1q%22:%91%22button_bg_color%22,%22button_bg_color%22,%22button_bg_color%22,%22button_bg_color%22%93,%22gcid-xe7ua1bg-8o1q-uq3m-f8ql-qk12tgltkuk4%22:%91%22button_bg_color__hover%22%93,%22gcid-b1vezamf-03sf-crky-v342-jj7uc24ewnda%22:%91%22button_text_color%22%93,%22gcid-m0fraqv3-qztm-9290-df11-7p07yu2mtcg6%22:%91%22button_text_color__hover%22%93}&#8221; custom_days_label_text=&#8221;Dagar&#8221; custom_hours_label_text=&#8221;Timmar&#8221; custom_minutes_label_text=&#8221;Minuter&#8221; custom_seconds_label_text=&#8221;Sekunder&#8221;]<\/p>\n<p>Press releases about Allt f\u00f6r sj\u00f6n are published regularly on Mynewsdesk, where you can find news, launches and events related to Sweden&#8217;s largest boat show.<\/p>\n<p>[\/et_pb_cta][\/et_pb_column][et_pb_column type=&#8221;1_3&#8243; _builder_version=&#8221;4.24.2&#8243; _module_preset=&#8221;default&#8221; link_option_url=&#8221;#&#8221; global_colors_info=&#8221;{}&#8221; custom_days_label_text=&#8221;Dagar&#8221; custom_hours_label_text=&#8221;Timmar&#8221; custom_minutes_label_text=&#8221;Minuter&#8221; custom_seconds_label_text=&#8221;Sekunder&#8221;][et_pb_image src=&#8221;https:\/\/alltforsjon.se\/wp-content\/uploads\/2025\/08\/Press_ackreditering-1080-540-px-mellan.jpg&#8221; alt=&#8221;Press accreditation puff&#8221; title_text=&#8221;Press_ackreditering-1080-540-px-mellan&#8221; force_fullwidth=&#8221;on&#8221; module_class=&#8221;puff-image&#8221; _builder_version=&#8221;4.27.4&#8243; _module_preset=&#8221;default&#8221; global_colors_info=&#8221;{}&#8221; custom_days_label_text=&#8221;Dagar&#8221; custom_hours_label_text=&#8221;Timmar&#8221; custom_minutes_label_text=&#8221;Minuter&#8221; custom_seconds_label_text=&#8221;Sekunder&#8221;][\/et_pb_image][et_pb_cta title=&#8221;Press accreditation &#8221; button_url=&#8221;@ET-DC@eyJkeW5hbWljIjp0cnVlLCJjb250ZW50IjoicG9zdF9saW5rX3VybF9wYWdlIiwic2V0dGluZ3MiOnsicG9zdF9pZCI6IjMzMTQ1MTUiLCJlbmFibGVfaHRtbCI6Im9mZiJ9fQ==@&#8221; button_text=&#8221;Get accredited &#8221; _builder_version=&#8221;4.27.4&#8243; _dynamic_attributes=&#8221;button_url,link_option_url&#8221; _module_preset=&#8221;e522eb66-87c3-4648-89dc-84da811024a7&#8243; link_option_url=&#8221;@ET-DC@eyJkeW5hbWljIjp0cnVlLCJjb250ZW50IjoicG9zdF9saW5rX3VybF9wYWdlIiwic2V0dGluZ3MiOnsicG9zdF9pZCI6IjMzMTQ1MTUiLCJlbmFibGVfaHRtbCI6Im9mZiJ9fQ==@&#8221; global_colors_info=&#8221;{%22gcid-zqmeyyr1-ozjs-tdol-t9th-kdmdqxufunhr%22:%91%22button_bg_color%22,%22button_border_color%22,%22button_bg_color%22,%22button_border_color%22,%22button_bg_color%22,%22button_border_color%22,%22button_bg_color%22,%22button_border_color%22,%22button_border_color%22%93,%22gcid-8ctl9olw-qzl0-39sh-h9m4-2r68cuzkve1q%22:%91%22button_bg_color%22,%22button_bg_color%22,%22button_bg_color%22,%22button_bg_color%22%93,%22gcid-xe7ua1bg-8o1q-uq3m-f8ql-qk12tgltkuk4%22:%91%22button_bg_color__hover%22%93,%22gcid-b1vezamf-03sf-crky-v342-jj7uc24ewnda%22:%91%22button_text_color%22%93,%22gcid-m0fraqv3-qztm-9290-df11-7p07yu2mtcg6%22:%91%22button_text_color__hover%22%93}&#8221; custom_days_label_text=&#8221;Dagar&#8221; custom_hours_label_text=&#8221;Timmar&#8221; custom_minutes_label_text=&#8221;Minuter&#8221; custom_seconds_label_text=&#8221;Sekunder&#8221;]<\/p>\n<p>As the media flow is constantly changing, we regularly update our press accreditation criteria. Previous accreditation does not guarantee new accreditation for future fairs.  We do not accredit ad sales or PR consultants. Accreditation opens two months before the fair. <\/p>\n<p>[\/et_pb_cta][\/et_pb_column][et_pb_column type=&#8221;1_3&#8243; _builder_version=&#8221;4.27.4&#8243; _module_preset=&#8221;default&#8221; link_option_url=&#8221;https:\/\/stockholmsmassan.mediaflowportal.com\/folder\/106654\/&#8221; link_option_url_new_window=&#8221;on&#8221; global_colors_info=&#8221;{}&#8221; custom_days_label_text=&#8221;Dagar&#8221; custom_hours_label_text=&#8221;Timmar&#8221; custom_minutes_label_text=&#8221;Minuter&#8221; custom_seconds_label_text=&#8221;Sekunder&#8221;][et_pb_image src=&#8221;https:\/\/alltforsjon.se\/wp-content\/uploads\/2025\/08\/Puff_AFS-logo_1080x540.png&#8221; title_text=&#8221;Puff_AFS logo_1080x540&#8243; force_fullwidth=&#8221;on&#8221; module_class=&#8221;puff-image&#8221; _builder_version=&#8221;4.27.4&#8243; _module_preset=&#8221;default&#8221; global_colors_info=&#8221;{}&#8221; custom_days_label_text=&#8221;Dagar&#8221; custom_hours_label_text=&#8221;Timmar&#8221; custom_minutes_label_text=&#8221;Minuter&#8221; custom_seconds_label_text=&#8221;Sekunder&#8221;][\/et_pb_image][et_pb_cta title=&#8221;Press images &amp; logos&#8221; button_url=&#8221;https:\/\/stockholmsmassan.mediaflowportal.com\/folder\/106654\/&#8221; url_new_window=&#8221;on&#8221; button_text=&#8221;Our image bank&#8221; _builder_version=&#8221;4.27.4&#8243; _module_preset=&#8221;e522eb66-87c3-4648-89dc-84da811024a7&#8243; global_colors_info=&#8221;{%22gcid-zqmeyyr1-ozjs-tdol-t9th-kdmdqxufunhr%22:%91%22button_bg_color%22,%22button_border_color%22,%22button_bg_color%22,%22button_border_color%22,%22button_bg_color%22,%22button_border_color%22,%22button_bg_color%22,%22button_border_color%22,%22button_border_color%22%93,%22gcid-8ctl9olw-qzl0-39sh-h9m4-2r68cuzkve1q%22:%91%22button_bg_color%22,%22button_bg_color%22,%22button_bg_color%22,%22button_bg_color%22%93,%22gcid-xe7ua1bg-8o1q-uq3m-f8ql-qk12tgltkuk4%22:%91%22button_bg_color__hover%22%93,%22gcid-b1vezamf-03sf-crky-v342-jj7uc24ewnda%22:%91%22button_text_color%22%93,%22gcid-m0fraqv3-qztm-9290-df11-7p07yu2mtcg6%22:%91%22button_text_color__hover%22%93}&#8221; custom_days_label_text=&#8221;Dagar&#8221; custom_hours_label_text=&#8221;Timmar&#8221; custom_minutes_label_text=&#8221;Minuter&#8221; custom_seconds_label_text=&#8221;Sekunder&#8221;]<\/p>\n<p>Here you may download high-resolution images from the our image bank, free to use for journalists, bloggers, and other media representatives. <span style=\"font-size: 18px;\">The images may be used in various channels, provided that the photographer\u2019s name is credited in accordance with good practice.<\/span><\/p>\n<p>[\/et_pb_cta][\/et_pb_column][\/et_pb_row][\/et_pb_section][et_pb_section fb_built=&#8221;1&#8243; _builder_version=&#8221;4.27.4&#8243; _module_preset=&#8221;b2d03569-9621-412f-a11a-43e6aa613c16&#8243; background_color=&#8221;#FFFFFF&#8221; custom_padding=&#8221;50px||51px||false|false&#8221; custom_padding_tablet=&#8221;100px||||false|false&#8221; custom_padding_phone=&#8221;20px||20px||true|false&#8221; global_colors_info=&#8221;{%22gcid-zqmeyyr1-ozjs-tdol-t9th-kdmdqxufunhr%22:%91%22border_color_right%22,%22border_color_right%22,%22border_color_right%22%93}&#8221; custom_days_label_text=&#8221;Dagar&#8221; custom_hours_label_text=&#8221;Timmar&#8221; custom_minutes_label_text=&#8221;Minuter&#8221; custom_seconds_label_text=&#8221;Sekunder&#8221;][et_pb_row custom_padding_last_edited=&#8221;on|phone&#8221; _builder_version=&#8221;4.24.2&#8243; _module_preset=&#8221;7e3c3bde-c7df-4118-b1b2-cc4e95f987d2&#8243; custom_margin=&#8221;||||false|false&#8221; custom_padding_tablet=&#8221;20px||||false|false&#8221; custom_padding_phone=&#8221;20px||||false|false&#8221; locked=&#8221;off&#8221; custom_days_label_text=&#8221;Dagar&#8221; custom_hours_label_text=&#8221;Timmar&#8221; custom_minutes_label_text=&#8221;Minuter&#8221; custom_seconds_label_text=&#8221;Sekunder&#8221;][et_pb_column type=&#8221;4_4&#8243; _builder_version=&#8221;4.23.4&#8243; _module_preset=&#8221;default&#8221; global_colors_info=&#8221;{}&#8221; custom_days_label_text=&#8221;Dagar&#8221; custom_hours_label_text=&#8221;Timmar&#8221; custom_minutes_label_text=&#8221;Minuter&#8221; custom_seconds_label_text=&#8221;Sekunder&#8221;][et_pb_text _builder_version=&#8221;4.27.4&#8243; _module_preset=&#8221;d2de1bb5-7871-475a-a7ce-cf892236863b&#8221; global_colors_info=&#8221;{}&#8221; custom_days_label_text=&#8221;Dagar&#8221; custom_hours_label_text=&#8221;Timmar&#8221; custom_minutes_label_text=&#8221;Minuter&#8221; custom_seconds_label_text=&#8221;Sekunder&#8221;]<\/p>\n<h2>Team Allt f\u00f6r sj\u00f6n<\/h2>\n<p>[\/et_pb_text][et_pb_divider _builder_version=&#8221;4.24.3&#8243; _module_preset=&#8221;32b869cc-7a8a-4e6b-9a4f-b78f04b1538a&#8221; global_colors_info=&#8221;{}&#8221; custom_days_label_text=&#8221;Dagar&#8221; custom_hours_label_text=&#8221;Timmar&#8221; custom_minutes_label_text=&#8221;Minuter&#8221; custom_seconds_label_text=&#8221;Sekunder&#8221;][\/et_pb_divider][et_pb_text _builder_version=&#8221;4.25.1&#8243; _module_preset=&#8221;bca85c57-df5a-4e8b-88e6-3a9f8dc5e3db&#8221; global_colors_info=&#8221;{}&#8221; custom_days_label_text=&#8221;Dagar&#8221; custom_hours_label_text=&#8221;Timmar&#8221; custom_minutes_label_text=&#8221;Minuter&#8221; custom_seconds_label_text=&#8221;Sekunder&#8221;]<\/p>\n<p>Contact Team Allt f\u00f6r sj\u00f6n<\/p>\n<p>[\/et_pb_text][\/et_pb_column][\/et_pb_row][et_pb_row column_structure=&#8221;1_4,1_4,1_4,1_4&#8243; _builder_version=&#8221;4.27.5&#8243; _module_preset=&#8221;f9b766ed-ceef-4cd8-958d-5caeab6123e6&#8243; global_colors_info=&#8221;{}&#8221; custom_days_label_text=&#8221;Dagar&#8221; custom_hours_label_text=&#8221;Timmar&#8221; custom_minutes_label_text=&#8221;Minuter&#8221; custom_seconds_label_text=&#8221;Sekunder&#8221;][et_pb_column type=&#8221;1_4&#8243; _builder_version=&#8221;4.27.4&#8243; _module_preset=&#8221;default&#8221; link_option_url=&#8221;#&#8221; global_colors_info=&#8221;{}&#8221; custom_days_label_text=&#8221;Dagar&#8221; custom_hours_label_text=&#8221;Timmar&#8221; custom_minutes_label_text=&#8221;Minuter&#8221; custom_seconds_label_text=&#8221;Sekunder&#8221;][et_pb_image src=&#8221;https:\/\/alltforsjon.se\/wp-content\/uploads\/2024\/12\/katarina-500&#215;500-1.jpg&#8221; alt=&#8221;Katarina Hamnholm&#8221; title_text=&#8221;katarina-500&#215;500&#8243; _builder_version=&#8221;4.27.4&#8243; _module_preset=&#8221;17b1e475-fcb4-46ac-b286-2ea5a647047e&#8221; global_colors_info=&#8221;{}&#8221; custom_days_label_text=&#8221;Dagar&#8221; custom_hours_label_text=&#8221;Timmar&#8221; custom_minutes_label_text=&#8221;Minuter&#8221; custom_seconds_label_text=&#8221;Sekunder&#8221;][\/et_pb_image][et_pb_text _builder_version=&#8221;4.27.4&#8243; _module_preset=&#8221;fbdfc758-5e7c-452b-bc59-af7be0fa880a&#8221; global_colors_info=&#8221;{}&#8221; custom_days_label_text=&#8221;Dagar&#8221; custom_hours_label_text=&#8221;Timmar&#8221; custom_minutes_label_text=&#8221;Minuter&#8221; custom_seconds_label_text=&#8221;Sekunder&#8221;]<\/p>\n<p>Project Manager<\/p>\n<p>[\/et_pb_text][et_pb_text _builder_version=&#8221;4.27.4&#8243; _module_preset=&#8221;675866bd-aefb-431d-b018-3f6ed3d10b8f&#8221; global_colors_info=&#8221;{}&#8221; custom_days_label_text=&#8221;Dagar&#8221; custom_hours_label_text=&#8221;Timmar&#8221; custom_minutes_label_text=&#8221;Minuter&#8221; custom_seconds_label_text=&#8221;Sekunder&#8221;]<\/p>\n<h3>Katarina Hamnholm<\/h3>\n<p><a href=\"mailto:katarina.hamnholm@stockholmsmassan.se\" target=\"_blank\" rel=\"noopener\">katarina.hamnholm@<br \/>stockholmsmassan.se<\/a><br \/><a href=\"tel:46734252677\">+46 734 25 26 77<\/a><\/p>\n<p>[\/et_pb_text][\/et_pb_column][et_pb_column type=&#8221;1_4&#8243; _builder_version=&#8221;4.27.4&#8243; _module_preset=&#8221;default&#8221; link_option_url=&#8221;#&#8221; global_colors_info=&#8221;{}&#8221; custom_days_label_text=&#8221;Dagar&#8221; custom_hours_label_text=&#8221;Timmar&#8221; custom_minutes_label_text=&#8221;Minuter&#8221; custom_seconds_label_text=&#8221;Sekunder&#8221;][et_pb_image src=&#8221;https:\/\/alltforsjon.se\/wp-content\/uploads\/2024\/06\/catarina-oscarsson-500&#215;500-1.jpg&#8221; alt=&#8221;Catarina Oscarsson&#8221; title_text=&#8221;catarina-oscarsson-500&#215;500&#8243; _builder_version=&#8221;4.27.4&#8243; _module_preset=&#8221;17b1e475-fcb4-46ac-b286-2ea5a647047e&#8221; global_colors_info=&#8221;{}&#8221; custom_days_label_text=&#8221;Dagar&#8221; custom_hours_label_text=&#8221;Timmar&#8221; custom_minutes_label_text=&#8221;Minuter&#8221; custom_seconds_label_text=&#8221;Sekunder&#8221;][\/et_pb_image][et_pb_text _builder_version=&#8221;4.27.4&#8243; _module_preset=&#8221;fbdfc758-5e7c-452b-bc59-af7be0fa880a&#8221; global_colors_info=&#8221;{}&#8221; custom_days_label_text=&#8221;Dagar&#8221; custom_hours_label_text=&#8221;Timmar&#8221; custom_minutes_label_text=&#8221;Minuter&#8221; custom_seconds_label_text=&#8221;Sekunder&#8221;]<\/p>\n<p>Operational Project Manager<\/p>\n<p>[\/et_pb_text][et_pb_text _builder_version=&#8221;4.27.4&#8243; _module_preset=&#8221;675866bd-aefb-431d-b018-3f6ed3d10b8f&#8221; global_colors_info=&#8221;{}&#8221; custom_days_label_text=&#8221;Dagar&#8221; custom_hours_label_text=&#8221;Timmar&#8221; custom_minutes_label_text=&#8221;Minuter&#8221; custom_seconds_label_text=&#8221;Sekunder&#8221;]<\/p>\n<h3>Catarina Oscarsson<\/h3>\n<p><a href=\"mailto:Catarina.Oscarsson@stockholmsmassan.se\" target=\"_blank\" rel=\"noopener\">Catarina.Oscarsson@<br \/>stockholmsmassan.se<\/a><br \/><a href=\"tel:4687494366\">+46 8 749 43 66<\/a><\/p>\n<p>[\/et_pb_text][\/et_pb_column][et_pb_column type=&#8221;1_4&#8243; _builder_version=&#8221;4.27.4&#8243; _module_preset=&#8221;default&#8221; link_option_url=&#8221;#&#8221; global_colors_info=&#8221;{}&#8221; custom_days_label_text=&#8221;Dagar&#8221; custom_hours_label_text=&#8221;Timmar&#8221; custom_minutes_label_text=&#8221;Minuter&#8221; custom_seconds_label_text=&#8221;Sekunder&#8221;][et_pb_image src=&#8221;https:\/\/alltforsjon.se\/wp-content\/uploads\/2024\/11\/sabrin-harun-500&#215;500-1.jpg&#8221; alt=&#8221;Veronica Fellevik&#8221; title_text=&#8221;sabrin-harun-500&#215;500&#8243; _builder_version=&#8221;4.27.4&#8243; _module_preset=&#8221;17b1e475-fcb4-46ac-b286-2ea5a647047e&#8221; global_colors_info=&#8221;{}&#8221; custom_days_label_text=&#8221;Dagar&#8221; custom_hours_label_text=&#8221;Timmar&#8221; custom_minutes_label_text=&#8221;Minuter&#8221; custom_seconds_label_text=&#8221;Sekunder&#8221;][\/et_pb_image][et_pb_text _builder_version=&#8221;4.27.4&#8243; _module_preset=&#8221;fbdfc758-5e7c-452b-bc59-af7be0fa880a&#8221; min_height=&#8221;37px&#8221; global_colors_info=&#8221;{}&#8221; custom_days_label_text=&#8221;Dagar&#8221; custom_hours_label_text=&#8221;Timmar&#8221; custom_minutes_label_text=&#8221;Minuter&#8221; custom_seconds_label_text=&#8221;Sekunder&#8221;]<\/p>\n<p>Project coordinator<\/p>\n<p>[\/et_pb_text][et_pb_text _builder_version=&#8221;4.27.4&#8243; _module_preset=&#8221;675866bd-aefb-431d-b018-3f6ed3d10b8f&#8221; global_colors_info=&#8221;{}&#8221; custom_days_label_text=&#8221;Dagar&#8221; custom_hours_label_text=&#8221;Timmar&#8221; custom_minutes_label_text=&#8221;Minuter&#8221; custom_seconds_label_text=&#8221;Sekunder&#8221;]<\/p>\n<h3>Sabrin Harun<\/h3>\n<p><a href=\"mailto:sabrin.harun@stockholmsmassan.se\" target=\"_blank\" rel=\"noopener\">sabrin.harun@<br \/>stockholmsmassan.se<\/a><br \/><a href=\"tel:4687494208\">+46 8 749 42 08<\/a><\/p>\n<p>[\/et_pb_text][\/et_pb_column][et_pb_column type=&#8221;1_4&#8243; _builder_version=&#8221;4.27.4&#8243; _module_preset=&#8221;default&#8221; link_option_url=&#8221;#&#8221; global_colors_info=&#8221;{}&#8221; custom_days_label_text=&#8221;Dagar&#8221; custom_hours_label_text=&#8221;Timmar&#8221; custom_minutes_label_text=&#8221;Minuter&#8221; custom_seconds_label_text=&#8221;Sekunder&#8221;][\/et_pb_column][\/et_pb_row][\/et_pb_section]<\/p>\n","protected":false},"excerpt":{"rendered":"<p>Welcome to Stockholmsm\u00e4ssan&#8217;s press departmentFind Allt f\u00f6r sj\u00f6n press releases, high-resolution images, logos, and apply for press accreditation here. During the fair, our Press Center at the fair is usually [&hellip;]<\/p>\n","protected":false},"author":8,"featured_media":0,"parent":0,"menu_order":0,"comment_status":"closed","ping_status":"closed","template":"","meta":{"_et_pb_use_builder":"on","_et_pb_old_content":"","_et_gb_content_width":"","footnotes":""},"hf_cat_page":[],"class_list":["post-3315795","page","type-page","status-publish","hentry"],"_links":{"self":[{"href":"https:\/\/alltforsjon.se\/en\/wp-json\/wp\/v2\/pages\/3315795","targetHints":{"allow":["GET"]}}],"collection":[{"href":"https:\/\/alltforsjon.se\/en\/wp-json\/wp\/v2\/pages"}],"about":[{"href":"https:\/\/alltforsjon.se\/en\/wp-json\/wp\/v2\/types\/page"}],"author":[{"embeddable":true,"href":"https:\/\/alltforsjon.se\/en\/wp-json\/wp\/v2\/users\/8"}],"replies":[{"embeddable":true,"href":"https:\/\/alltforsjon.se\/en\/wp-json\/wp\/v2\/comments?post=3315795"}],"version-history":[{"count":34,"href":"https:\/\/alltforsjon.se\/en\/wp-json\/wp\/v2\/pages\/3315795\/revisions"}],"predecessor-version":[{"id":3402814,"href":"https:\/\/alltforsjon.se\/en\/wp-json\/wp\/v2\/pages\/3315795\/revisions\/3402814"}],"wp:attachment":[{"href":"https:\/\/alltforsjon.se\/en\/wp-json\/wp\/v2\/media?parent=3315795"}],"wp:term":[{"taxonomy":"hf_cat_page","embeddable":true,"href":"https:\/\/alltforsjon.se\/en\/wp-json\/wp\/v2\/hf_cat_page?post=3315795"}],"curies":[{"name":"wp","href":"https:\/\/api.w.org\/{rel}","templated":true}]}}